{"id":2475,"date":"2018-12-07T08:21:26","date_gmt":"2018-12-07T08:21:26","guid":{"rendered":"https:\/\/zunnetje.nl\/?page_id=2475"},"modified":"2026-01-10T07:05:26","modified_gmt":"2026-01-10T07:05:26","slug":"mieten","status":"publish","type":"page","link":"https:\/\/zunnetje.nl\/index.php\/de\/mieten\/","title":{"rendered":"Mieten"},"content":{"rendered":"\t\t<div data-elementor-type=\"wp-post\" data-elementor-id=\"2475\" class=\"elementor elementor-2475\">\n\t\t\t\t\t\t<section class=\"elementor-section elementor-top-section elementor-element elementor-element-b56860e elementor-section-boxed elementor-section-height-default elementor-section-height-default\" data-id=\"b56860e\" data-element_type=\"section\" data-e-type=\"section\">\n\t\t\t\t\t\t<div class=\"elementor-container elementor-column-gap-default\">\n\t\t\t\t\t<div class=\"elementor-column elementor-col-100 elementor-top-column elementor-element elementor-element-b5cc1ec\" data-id=\"b5cc1ec\" data-element_type=\"column\" data-e-type=\"column\">\n\t\t\t<div class=\"elementor-widget-wrap elementor-element-populated\">\n\t\t\t\t\t\t<section class=\"elementor-section elementor-inner-section elementor-element elementor-element-0c98f1f elementor-section-boxed elementor-section-height-default elementor-section-height-default\" data-id=\"0c98f1f\" data-element_type=\"section\" data-e-type=\"section\">\n\t\t\t\t\t\t<div class=\"elementor-container elementor-column-gap-default\">\n\t\t\t\t\t<div class=\"elementor-column elementor-col-100 elementor-inner-column elementor-element elementor-element-28d7482\" data-id=\"28d7482\" data-element_type=\"column\" data-e-type=\"column\">\n\t\t\t<div class=\"elementor-widget-wrap elementor-element-populated\">\n\t\t\t\t\t\t<div class=\"elementor-element elementor-element-b7f71e2 elementor-widget elementor-widget-text-editor\" data-id=\"b7f71e2\" data-element_type=\"widget\" data-e-type=\"widget\" data-widget_type=\"text-editor.default\">\n\t\t\t\t<div class=\"elementor-widget-container\">\n\t\t\t\t\t\t\t\t\t<h6 id=\"tw-target-text\" class=\"tw-data-text tw-ta tw-text-small\" dir=\"ltr\" style=\"text-align: left; height: 48px;\" data-placeholder=\"Vertaling\"><span lang=\"de\">Das Zunnetje kann bei<\/span> Breezand Vakanties\u00a0 <span lang=\"de\">gemietet werden<\/span><code><\/code><\/h6>\t\t\t\t\t\t\t\t<\/div>\n\t\t\t\t<\/div>\n\t\t\t\t\t<\/div>\n\t\t<\/div>\n\t\t\t\t\t<\/div>\n\t\t<\/section>\n\t\t\t\t<section class=\"elementor-section elementor-inner-section elementor-element elementor-element-2f7b582 elementor-section-boxed elementor-section-height-default elementor-section-height-default\" data-id=\"2f7b582\" data-element_type=\"section\" data-e-type=\"section\">\n\t\t\t\t\t\t<div class=\"elementor-container elementor-column-gap-default\">\n\t\t\t\t\t<div class=\"elementor-column elementor-col-50 elementor-inner-column elementor-element elementor-element-4dc0f0b\" data-id=\"4dc0f0b\" data-element_type=\"column\" data-e-type=\"column\">\n\t\t\t<div class=\"elementor-widget-wrap elementor-element-populated\">\n\t\t\t\t\t\t<div class=\"elementor-element elementor-element-b62e12a elementor-widget elementor-widget-image\" data-id=\"b62e12a\" data-element_type=\"widget\" data-e-type=\"widget\" data-widget_type=\"image.default\">\n\t\t\t\t<div class=\"elementor-widget-container\">\n\t\t\t\t\t\t\t\t\t\t\t\t\t\t\t\t<a href=\"https:\/\/www.breezandvakanties.nl\/de\/accommodaties\/brz41-t-zunnetje\" target=\"_blank\">\n\t\t\t\t\t\t\t<img decoding=\"async\" width=\"196\" height=\"140\" src=\"https:\/\/zunnetje.nl\/wp-content\/uploads\/2020\/05\/BBB_logo.png\" class=\"attachment-large size-large wp-image-2669\" alt=\"Breezand beheer Logo\" \/>\t\t\t\t\t\t\t\t<\/a>\n\t\t\t\t\t\t\t\t\t\t\t\t\t\t\t<\/div>\n\t\t\t\t<\/div>\n\t\t\t\t\t<\/div>\n\t\t<\/div>\n\t\t\t\t<div class=\"elementor-column elementor-col-50 elementor-inner-column elementor-element elementor-element-30adef6\" data-id=\"30adef6\" data-element_type=\"column\" data-e-type=\"column\">\n\t\t\t<div class=\"elementor-widget-wrap\">\n\t\t\t\t\t\t\t<\/div>\n\t\t<\/div>\n\t\t\t\t\t<\/div>\n\t\t<\/section>\n\t\t\t\t<section class=\"elementor-section elementor-inner-section elementor-element elementor-element-ebed961 elementor-section-boxed elementor-section-height-default elementor-section-height-default\" data-id=\"ebed961\" data-element_type=\"section\" data-e-type=\"section\">\n\t\t\t\t\t\t<div class=\"elementor-container elementor-column-gap-default\">\n\t\t\t\t\t<div class=\"elementor-column elementor-col-50 elementor-inner-column elementor-element elementor-element-d7e3ff3\" data-id=\"d7e3ff3\" data-element_type=\"column\" data-e-type=\"column\">\n\t\t\t<div class=\"elementor-widget-wrap elementor-element-populated\">\n\t\t\t\t\t\t<div class=\"elementor-element elementor-element-7afdbd3 elementor-widget elementor-widget-text-editor\" data-id=\"7afdbd3\" data-element_type=\"widget\" data-e-type=\"widget\" data-widget_type=\"text-editor.default\">\n\t\t\t\t<div class=\"elementor-widget-container\">\n\t\t\t\t\t\t\t\t\t<p id=\"tw-target-text\" class=\"tw-data-text tw-ta tw-text-small\" dir=\"ltr\" data-placeholder=\"Vertaling\"><span lang=\"de\">Sie k\u00f6nnen das Vermietungsb\u00fcro f\u00fcr Buchungen, Informationen und Schl\u00fcssel kontaktieren.<\/span><\/p>\t\t\t\t\t\t\t\t<\/div>\n\t\t\t\t<\/div>\n\t\t\t\t<div class=\"elementor-element elementor-element-0356645 elementor-widget elementor-widget-image\" data-id=\"0356645\" data-element_type=\"widget\" data-e-type=\"widget\" data-widget_type=\"image.default\">\n\t\t\t\t<div class=\"elementor-widget-container\">\n\t\t\t\t\t\t\t\t\t\t\t\t\t\t\t<img decoding=\"async\" src=\"https:\/\/zunnetje.nl\/wp-content\/uploads\/elementor\/thumbs\/BBBvoorkant-opvvc7ykej15a0stik6l1ct3rukmfx1rex59kncy4q.png\" title=\"BBBvoorkant\" alt=\"Breezand Bungalow Beheer Receptie\" loading=\"lazy\" \/>\t\t\t\t\t\t\t\t\t\t\t\t\t\t\t<\/div>\n\t\t\t\t<\/div>\n\t\t\t\t<div class=\"elementor-element elementor-element-09aeaca elementor-widget elementor-widget-text-editor\" data-id=\"09aeaca\" data-element_type=\"widget\" data-e-type=\"widget\" data-widget_type=\"text-editor.default\">\n\t\t\t\t<div class=\"elementor-widget-container\">\n\t\t\t\t\t\t\t\t\t<p>Zandbank 1<br>4354 NR Vrouwenpolder<br>Tel: &nbsp;+31 (0)118 &#8211; 593133<br><a href=\"mailto:info@breezandvakanties.nl\" target=\"_blank\" rel=\"noopener noreferrer\">info@breezandvakanties.nl<\/a><\/p>\n<p id=\"tw-target-text\" class=\"tw-data-text tw-ta tw-text-medium\" dir=\"ltr\" style=\"text-align: left; height: 72px;\" data-placeholder=\"Vertaling\"><span lang=\"de\">f\u00fcr Bedingungen und Verf\u00fcgbarkeit <br><\/span><\/p>\t\t\t\t\t\t\t\t<\/div>\n\t\t\t\t<\/div>\n\t\t\t\t<div class=\"elementor-element elementor-element-4499eba elementor-button-info elementor-widget elementor-widget-button\" data-id=\"4499eba\" data-element_type=\"widget\" data-e-type=\"widget\" data-widget_type=\"button.default\">\n\t\t\t\t<div class=\"elementor-widget-container\">\n\t\t\t\t\t\t\t\t\t<div class=\"elementor-button-wrapper\">\n\t\t\t\t\t<a class=\"elementor-button elementor-button-link elementor-size-sm\" href=\"https:\/\/www.breezandvakanties.nl\/de\/accommodaties\/brz41-t-zunnetje\" target=\"_blank\">\n\t\t\t\t\t\t<span class=\"elementor-button-content-wrapper\">\n\t\t\t\t\t\t<span class=\"elementor-button-icon\">\n\t\t\t\t\t\t\t\t\t<i class=\"fa fa-home\" aria-hidden=\"true\"><\/i>\n\t\t\t\t\t\t\t<\/span>\n\t\t\t\t\t\t\t\t\t<span class=\"elementor-button-text\">Breezand Vakanties<\/span>\n\t\t\t\t\t<\/span>\n\t\t\t\t\t<\/a>\n\t\t\t\t<\/div>\n\t\t\t\t\t\t\t\t<\/div>\n\t\t\t\t<\/div>\n\t\t\t\t\t<\/div>\n\t\t<\/div>\n\t\t\t\t<div class=\"elementor-column elementor-col-50 elementor-inner-column elementor-element elementor-element-f0f0cf7\" data-id=\"f0f0cf7\" data-element_type=\"column\" data-e-type=\"column\">\n\t\t\t<div class=\"elementor-widget-wrap\">\n\t\t\t\t\t\t\t<\/div>\n\t\t<\/div>\n\t\t\t\t\t<\/div>\n\t\t<\/section>\n\t\t\t\t\t<\/div>\n\t\t<\/div>\n\t\t\t\t\t<\/div>\n\t\t<\/section>\n\t\t\t\t<section class=\"elementor-section elementor-top-section elementor-element elementor-element-29d7f3c elementor-section-boxed elementor-section-height-default elementor-section-height-default\" data-id=\"29d7f3c\" data-element_type=\"section\" data-e-type=\"section\">\n\t\t\t\t\t\t<div class=\"elementor-container elementor-column-gap-default\">\n\t\t\t\t\t<div class=\"elementor-column elementor-col-100 elementor-top-column elementor-element elementor-element-bbbae9f\" data-id=\"bbbae9f\" data-element_type=\"column\" data-e-type=\"column\">\n\t\t\t<div class=\"elementor-widget-wrap\">\n\t\t\t\t\t\t\t<\/div>\n\t\t<\/div>\n\t\t\t\t\t<\/div>\n\t\t<\/section>\n\t\t\t\t<\/div>\n\t\t","protected":false},"excerpt":{"rendered":"<p>Das Zunnetje kann bei Breezand Vakanties\u00a0 gemietet werden Sie k\u00f6nnen das Vermietungsb\u00fcro f\u00fcr Buchungen, Informationen und Schl\u00fcssel kontaktieren. Zandbank 14354 NR VrouwenpolderTel: &nbsp;+31 (0)118 &#8211; 593133info@breezandvakanties.nl f\u00fcr Bedingungen und Verf\u00fcgbarkeit Breezand Vakanties<\/p>\n","protected":false},"author":1,"featured_media":0,"parent":0,"menu_order":0,"comment_status":"closed","ping_status":"closed","template":"","meta":{"footnotes":""},"class_list":["post-2475","page","type-page","status-publish","hentry"],"yoast_head":"<!-- This site is optimized with the Yoast SEO plugin v26.8 - https:\/\/yoast.com\/product\/yoast-seo-wordpress\/ -->\n<title>Mieten - Zunnetje<\/title>\n<meta name=\"description\" content=\"Vermietung unseres Ferienhauses bei Breezand Vakanties Vrouwenpolder, Bedingungen, Buchungen, Informationen, Hopman de Rijklaan 24354 NS Vrouwenpolder\" \/>\n<meta name=\"robots\" content=\"index, follow, max-snippet:-1, max-image-preview:large, max-video-preview:-1\" \/>\n<link rel=\"canonical\" href=\"https:\/\/zunnetje.nl\/index.php\/de\/mieten\/\" \/>\n<meta property=\"og:locale\" content=\"en_US\" \/>\n<meta property=\"og:type\" content=\"article\" \/>\n<meta property=\"og:title\" content=\"Mieten - Zunnetje\" \/>\n<meta property=\"og:description\" content=\"Vermietung unseres Ferienhauses bei Breezand Vakanties Vrouwenpolder, Bedingungen, Buchungen, Informationen, Hopman de Rijklaan 24354 NS Vrouwenpolder\" \/>\n<meta property=\"og:url\" content=\"https:\/\/zunnetje.nl\/index.php\/de\/mieten\/\" \/>\n<meta property=\"og:site_name\" content=\"Zunnetje\" \/>\n<meta property=\"article:modified_time\" content=\"2026-01-10T07:05:26+00:00\" \/>\n<meta property=\"og:image\" content=\"https:\/\/zunnetje.nl\/wp-content\/uploads\/2020\/05\/BBB_logo.png\" \/>\n\t<meta property=\"og:image:width\" content=\"196\" \/>\n\t<meta property=\"og:image:height\" content=\"140\" \/>\n\t<meta property=\"og:image:type\" content=\"image\/png\" \/>\n<meta name=\"twitter:card\" content=\"summary_large_image\" \/>\n<meta name=\"twitter:label1\" content=\"Est. reading time\" \/>\n\t<meta name=\"twitter:data1\" content=\"1 minute\" \/>\n<script type=\"application\/ld+json\" class=\"yoast-schema-graph\">{\"@context\":\"https:\/\/schema.org\",\"@graph\":[{\"@type\":\"WebPage\",\"@id\":\"https:\/\/zunnetje.nl\/index.php\/de\/mieten\/\",\"url\":\"https:\/\/zunnetje.nl\/index.php\/de\/mieten\/\",\"name\":\"Mieten - Zunnetje\",\"isPartOf\":{\"@id\":\"https:\/\/zunnetje.nl\/#website\"},\"primaryImageOfPage\":{\"@id\":\"https:\/\/zunnetje.nl\/index.php\/de\/mieten\/#primaryimage\"},\"image\":{\"@id\":\"https:\/\/zunnetje.nl\/index.php\/de\/mieten\/#primaryimage\"},\"thumbnailUrl\":\"https:\/\/zunnetje.nl\/wp-content\/uploads\/2020\/05\/BBB_logo.png\",\"datePublished\":\"2018-12-07T08:21:26+00:00\",\"dateModified\":\"2026-01-10T07:05:26+00:00\",\"description\":\"Vermietung unseres Ferienhauses bei Breezand Vakanties Vrouwenpolder, Bedingungen, Buchungen, Informationen, Hopman de Rijklaan 24354 NS Vrouwenpolder\",\"breadcrumb\":{\"@id\":\"https:\/\/zunnetje.nl\/index.php\/de\/mieten\/#breadcrumb\"},\"inLanguage\":\"en-US\",\"potentialAction\":[{\"@type\":\"ReadAction\",\"target\":[\"https:\/\/zunnetje.nl\/index.php\/de\/mieten\/\"]}]},{\"@type\":\"ImageObject\",\"inLanguage\":\"en-US\",\"@id\":\"https:\/\/zunnetje.nl\/index.php\/de\/mieten\/#primaryimage\",\"url\":\"https:\/\/zunnetje.nl\/wp-content\/uploads\/2020\/05\/BBB_logo.png\",\"contentUrl\":\"https:\/\/zunnetje.nl\/wp-content\/uploads\/2020\/05\/BBB_logo.png\",\"width\":196,\"height\":140,\"caption\":\"Breezand beheer Logo\"},{\"@type\":\"BreadcrumbList\",\"@id\":\"https:\/\/zunnetje.nl\/index.php\/de\/mieten\/#breadcrumb\",\"itemListElement\":[{\"@type\":\"ListItem\",\"position\":1,\"name\":\"Home\",\"item\":\"https:\/\/zunnetje.nl\/\"},{\"@type\":\"ListItem\",\"position\":2,\"name\":\"Mieten\"}]},{\"@type\":\"WebSite\",\"@id\":\"https:\/\/zunnetje.nl\/#website\",\"url\":\"https:\/\/zunnetje.nl\/\",\"name\":\"Zunnetje\",\"description\":\"Ons vakantiehuisje aan zee\",\"potentialAction\":[{\"@type\":\"SearchAction\",\"target\":{\"@type\":\"EntryPoint\",\"urlTemplate\":\"https:\/\/zunnetje.nl\/?s={search_term_string}\"},\"query-input\":{\"@type\":\"PropertyValueSpecification\",\"valueRequired\":true,\"valueName\":\"search_term_string\"}}],\"inLanguage\":\"en-US\"}]}<\/script>\n<!-- \/ Yoast SEO plugin. -->","yoast_head_json":{"title":"Mieten - Zunnetje","description":"Vermietung unseres Ferienhauses bei Breezand Vakanties Vrouwenpolder, Bedingungen, Buchungen, Informationen, Hopman de Rijklaan 24354 NS Vrouwenpolder","robots":{"index":"index","follow":"follow","max-snippet":"max-snippet:-1","max-image-preview":"max-image-preview:large","max-video-preview":"max-video-preview:-1"},"canonical":"https:\/\/zunnetje.nl\/index.php\/de\/mieten\/","og_locale":"en_US","og_type":"article","og_title":"Mieten - Zunnetje","og_description":"Vermietung unseres Ferienhauses bei Breezand Vakanties Vrouwenpolder, Bedingungen, Buchungen, Informationen, Hopman de Rijklaan 24354 NS Vrouwenpolder","og_url":"https:\/\/zunnetje.nl\/index.php\/de\/mieten\/","og_site_name":"Zunnetje","article_modified_time":"2026-01-10T07:05:26+00:00","og_image":[{"width":196,"height":140,"url":"https:\/\/zunnetje.nl\/wp-content\/uploads\/2020\/05\/BBB_logo.png","type":"image\/png"}],"twitter_card":"summary_large_image","twitter_misc":{"Est. reading time":"1 minute"},"schema":{"@context":"https:\/\/schema.org","@graph":[{"@type":"WebPage","@id":"https:\/\/zunnetje.nl\/index.php\/de\/mieten\/","url":"https:\/\/zunnetje.nl\/index.php\/de\/mieten\/","name":"Mieten - Zunnetje","isPartOf":{"@id":"https:\/\/zunnetje.nl\/#website"},"primaryImageOfPage":{"@id":"https:\/\/zunnetje.nl\/index.php\/de\/mieten\/#primaryimage"},"image":{"@id":"https:\/\/zunnetje.nl\/index.php\/de\/mieten\/#primaryimage"},"thumbnailUrl":"https:\/\/zunnetje.nl\/wp-content\/uploads\/2020\/05\/BBB_logo.png","datePublished":"2018-12-07T08:21:26+00:00","dateModified":"2026-01-10T07:05:26+00:00","description":"Vermietung unseres Ferienhauses bei Breezand Vakanties Vrouwenpolder, Bedingungen, Buchungen, Informationen, Hopman de Rijklaan 24354 NS Vrouwenpolder","breadcrumb":{"@id":"https:\/\/zunnetje.nl\/index.php\/de\/mieten\/#breadcrumb"},"inLanguage":"en-US","potentialAction":[{"@type":"ReadAction","target":["https:\/\/zunnetje.nl\/index.php\/de\/mieten\/"]}]},{"@type":"ImageObject","inLanguage":"en-US","@id":"https:\/\/zunnetje.nl\/index.php\/de\/mieten\/#primaryimage","url":"https:\/\/zunnetje.nl\/wp-content\/uploads\/2020\/05\/BBB_logo.png","contentUrl":"https:\/\/zunnetje.nl\/wp-content\/uploads\/2020\/05\/BBB_logo.png","width":196,"height":140,"caption":"Breezand beheer Logo"},{"@type":"BreadcrumbList","@id":"https:\/\/zunnetje.nl\/index.php\/de\/mieten\/#breadcrumb","itemListElement":[{"@type":"ListItem","position":1,"name":"Home","item":"https:\/\/zunnetje.nl\/"},{"@type":"ListItem","position":2,"name":"Mieten"}]},{"@type":"WebSite","@id":"https:\/\/zunnetje.nl\/#website","url":"https:\/\/zunnetje.nl\/","name":"Zunnetje","description":"Ons vakantiehuisje aan zee","potentialAction":[{"@type":"SearchAction","target":{"@type":"EntryPoint","urlTemplate":"https:\/\/zunnetje.nl\/?s={search_term_string}"},"query-input":{"@type":"PropertyValueSpecification","valueRequired":true,"valueName":"search_term_string"}}],"inLanguage":"en-US"}]}},"_links":{"self":[{"href":"https:\/\/zunnetje.nl\/index.php\/wp-json\/wp\/v2\/pages\/2475","targetHints":{"allow":["GET"]}}],"collection":[{"href":"https:\/\/zunnetje.nl\/index.php\/wp-json\/wp\/v2\/pages"}],"about":[{"href":"https:\/\/zunnetje.nl\/index.php\/wp-json\/wp\/v2\/types\/page"}],"author":[{"embeddable":true,"href":"https:\/\/zunnetje.nl\/index.php\/wp-json\/wp\/v2\/users\/1"}],"replies":[{"embeddable":true,"href":"https:\/\/zunnetje.nl\/index.php\/wp-json\/wp\/v2\/comments?post=2475"}],"version-history":[{"count":21,"href":"https:\/\/zunnetje.nl\/index.php\/wp-json\/wp\/v2\/pages\/2475\/revisions"}],"predecessor-version":[{"id":2790,"href":"https:\/\/zunnetje.nl\/index.php\/wp-json\/wp\/v2\/pages\/2475\/revisions\/2790"}],"wp:attachment":[{"href":"https:\/\/zunnetje.nl\/index.php\/wp-json\/wp\/v2\/media?parent=2475"}],"curies":[{"name":"wp","href":"https:\/\/api.w.org\/{rel}","templated":true}]}}