{"id":2480,"date":"2018-12-07T08:30:29","date_gmt":"2018-12-07T08:30:29","guid":{"rendered":"https:\/\/zunnetje.nl\/?page_id=2480"},"modified":"2018-12-07T11:14:32","modified_gmt":"2018-12-07T11:14:32","slug":"kontakt","status":"publish","type":"page","link":"https:\/\/zunnetje.nl\/index.php\/de\/kontakt\/","title":{"rendered":"Kontakt"},"content":{"rendered":"\t\t<div data-elementor-type=\"wp-post\" data-elementor-id=\"2480\" class=\"elementor elementor-2480 elementor-bc-flex-widget\">\n\t\t\t\t\t\t<section class=\"elementor-section elementor-top-section elementor-element elementor-element-59551e7d elementor-section-boxed elementor-section-height-default elementor-section-height-default\" data-id=\"59551e7d\" data-element_type=\"section\" data-e-type=\"section\">\n\t\t\t\t\t\t<div class=\"elementor-container elementor-column-gap-default\">\n\t\t\t\t\t<div class=\"elementor-column elementor-col-100 elementor-top-column elementor-element elementor-element-1fbd34a9\" data-id=\"1fbd34a9\" data-element_type=\"column\" data-e-type=\"column\">\n\t\t\t<div class=\"elementor-widget-wrap elementor-element-populated\">\n\t\t\t\t\t\t<section class=\"elementor-section elementor-inner-section elementor-element elementor-element-b52a3c6 elementor-section-boxed elementor-section-height-default elementor-section-height-default\" data-id=\"b52a3c6\" data-element_type=\"section\" data-e-type=\"section\">\n\t\t\t\t\t\t<div class=\"elementor-container elementor-column-gap-default\">\n\t\t\t\t\t<div class=\"elementor-column elementor-col-50 elementor-inner-column elementor-element elementor-element-79c7514\" data-id=\"79c7514\" data-element_type=\"column\" data-e-type=\"column\">\n\t\t\t<div class=\"elementor-widget-wrap elementor-element-populated\">\n\t\t\t\t\t\t<div class=\"elementor-element elementor-element-8503610 elementor-widget elementor-widget-text-editor\" data-id=\"8503610\" data-element_type=\"widget\" data-e-type=\"widget\" data-widget_type=\"text-editor.default\">\n\t\t\t\t<div class=\"elementor-widget-container\">\n\t\t\t\t\t\t\t\t\t<p>F\u00fcr weitere Informationen oder Fragen f\u00fcllen Sie bitte dieses Formular aus und ich werde mich so schnell wie m\u00f6glich bei Ihnen melden<\/p>\t\t\t\t\t\t\t\t<\/div>\n\t\t\t\t<\/div>\n\t\t\t\t\t<\/div>\n\t\t<\/div>\n\t\t\t\t<div class=\"elementor-column elementor-col-50 elementor-inner-column elementor-element elementor-element-931399a\" data-id=\"931399a\" data-element_type=\"column\" data-e-type=\"column\">\n\t\t\t<div class=\"elementor-widget-wrap elementor-element-populated\">\n\t\t\t\t\t\t<div class=\"elementor-element elementor-element-b005383 elementor-widget elementor-widget-image\" data-id=\"b005383\" data-element_type=\"widget\" data-e-type=\"widget\" data-widget_type=\"image.default\">\n\t\t\t\t<div class=\"elementor-widget-container\">\n\t\t\t\t\t\t\t\t\t\t\t\t\t\t\t<img decoding=\"async\" width=\"340\" height=\"100\" src=\"https:\/\/zunnetje.nl\/wp-content\/uploads\/2018\/10\/ZunnetjeSitePicTxt.png\" class=\"attachment-large size-large wp-image-2207\" alt=\"Zunnetje logo groen\" srcset=\"https:\/\/zunnetje.nl\/wp-content\/uploads\/2018\/10\/ZunnetjeSitePicTxt.png 340w, https:\/\/zunnetje.nl\/wp-content\/uploads\/2018\/10\/ZunnetjeSitePicTxt-300x88.png 300w\" sizes=\"(max-width: 340px) 100vw, 340px\" \/>\t\t\t\t\t\t\t\t\t\t\t\t\t\t\t<\/div>\n\t\t\t\t<\/div>\n\t\t\t\t\t<\/div>\n\t\t<\/div>\n\t\t\t\t\t<\/div>\n\t\t<\/section>\n\t\t\t\t<div class=\"elementor-element elementor-element-28e0c12 elementor-widget elementor-widget-text-editor\" data-id=\"28e0c12\" data-element_type=\"widget\" data-e-type=\"widget\" data-widget_type=\"text-editor.default\">\n\t\t\t\t<div class=\"elementor-widget-container\">\n\t\t\t\t\t\t\t\t\t<p>\u00a0<\/p><p>\n<div class=\"wpcf7 no-js\" id=\"wpcf7-f1990-o1\" lang=\"en-US\" dir=\"ltr\" data-wpcf7-id=\"1990\">\n<div class=\"screen-reader-response\"><p role=\"status\" aria-live=\"polite\" aria-atomic=\"true\"><\/p> <ul><\/ul><\/div>\n<form action=\"\/index.php\/wp-json\/wp\/v2\/pages\/2480#wpcf7-f1990-o1\" method=\"post\" class=\"wpcf7-form init\" aria-label=\"Contact form\" novalidate=\"novalidate\" data-status=\"init\">\n<fieldset class=\"hidden-fields-container\"><input type=\"hidden\" name=\"_wpcf7\" value=\"1990\" \/><input type=\"hidden\" name=\"_wpcf7_version\" value=\"6.1.5\" \/><input type=\"hidden\" name=\"_wpcf7_locale\" value=\"en_US\" \/><input type=\"hidden\" name=\"_wpcf7_unit_tag\" value=\"wpcf7-f1990-o1\" \/><input type=\"hidden\" name=\"_wpcf7_container_post\" value=\"0\" \/><input type=\"hidden\" name=\"_wpcf7_posted_data_hash\" value=\"\" \/><input type=\"hidden\" name=\"_wpcf7_recaptcha_response\" value=\"\" \/>\n<\/fieldset>\n<p>Naam(verplicht)\n<\/p>\n<p><span class=\"wpcf7-form-control-wrap\" data-name=\"your-name\"><input size=\"40\" maxlength=\"400\" class=\"wpcf7-form-control wpcf7-text wpcf7-validates-as-required\" aria-required=\"true\" aria-invalid=\"false\" value=\"\" type=\"text\" name=\"your-name\" \/><\/span>\n<\/p>\n<p>Email adres (verplicht)\n<\/p>\n<p><span class=\"wpcf7-form-control-wrap\" data-name=\"your-email\"><input size=\"40\" maxlength=\"400\" class=\"wpcf7-form-control wpcf7-email wpcf7-validates-as-required wpcf7-text wpcf7-validates-as-email\" aria-required=\"true\" aria-invalid=\"false\" value=\"\" type=\"email\" name=\"your-email\" \/><\/span>\n<\/p>\n<p>Onderwerp\n<\/p>\n<p><span class=\"wpcf7-form-control-wrap\" data-name=\"your-subject\"><input size=\"40\" maxlength=\"400\" class=\"wpcf7-form-control wpcf7-text\" aria-invalid=\"false\" value=\"\" type=\"text\" name=\"your-subject\" \/><\/span>\n<\/p>\n<p>Uw bericht.\n<\/p>\n<p><span class=\"wpcf7-form-control-wrap\" data-name=\"your-message\"><textarea cols=\"40\" rows=\"10\" maxlength=\"2000\" class=\"wpcf7-form-control wpcf7-textarea\" aria-invalid=\"false\" name=\"your-message\"><\/textarea><\/span>\n<\/p>\n\n<p><input class=\"wpcf7-form-control wpcf7-submit has-spinner\" type=\"submit\" value=\"Versturen\" \/>\n<\/p><div class=\"wpcf7-response-output\" aria-hidden=\"true\"><\/div>\n<\/form>\n<\/div>\n<\/p><p><code><\/code><\/p>\t\t\t\t\t\t\t\t<\/div>\n\t\t\t\t<\/div>\n\t\t\t\t\t<\/div>\n\t\t<\/div>\n\t\t\t\t\t<\/div>\n\t\t<\/section>\n\t\t\t\t<\/div>\n\t\t","protected":false},"excerpt":{"rendered":"<p>F\u00fcr weitere Informationen oder Fragen f\u00fcllen Sie bitte dieses Formular aus und ich werde mich so schnell wie m\u00f6glich bei Ihnen melden<\/p>\n","protected":false},"author":1,"featured_media":0,"parent":0,"menu_order":0,"comment_status":"closed","ping_status":"open","template":"","meta":{"footnotes":""},"class_list":["post-2480","page","type-page","status-publish","hentry"],"yoast_head":"<!-- This site is optimized with the Yoast SEO plugin v26.8 - https:\/\/yoast.com\/product\/yoast-seo-wordpress\/ -->\n<title>Kontakt - Zunnetje<\/title>\n<meta name=\"description\" content=\"Kontaktformular Zunnetje ferienhaus Zeeland. Senden Sie uns eine Nachricht und wir werden uns so schnell wie m\u00f6glich mit Ihnen in Verbindung setzen\" \/>\n<meta name=\"robots\" content=\"index, follow, max-snippet:-1, max-image-preview:large, max-video-preview:-1\" \/>\n<link rel=\"canonical\" href=\"https:\/\/zunnetje.nl\/index.php\/de\/kontakt\/\" \/>\n<meta property=\"og:locale\" content=\"en_US\" \/>\n<meta property=\"og:type\" content=\"article\" \/>\n<meta property=\"og:title\" content=\"Kontakt - Zunnetje\" \/>\n<meta property=\"og:description\" content=\"Kontaktformular Zunnetje ferienhaus Zeeland. Senden Sie uns eine Nachricht und wir werden uns so schnell wie m\u00f6glich mit Ihnen in Verbindung setzen\" \/>\n<meta property=\"og:url\" content=\"https:\/\/zunnetje.nl\/index.php\/de\/kontakt\/\" \/>\n<meta property=\"og:site_name\" content=\"Zunnetje\" \/>\n<meta property=\"article:modified_time\" content=\"2018-12-07T11:14:32+00:00\" \/>\n<meta property=\"og:image\" content=\"https:\/\/zunnetje.nl\/wp-content\/uploads\/2018\/10\/ZunnetjeSitePicTxt.png\" \/>\n<meta name=\"twitter:card\" content=\"summary_large_image\" \/>\n<script type=\"application\/ld+json\" class=\"yoast-schema-graph\">{\"@context\":\"https:\/\/schema.org\",\"@graph\":[{\"@type\":\"WebPage\",\"@id\":\"https:\/\/zunnetje.nl\/index.php\/de\/kontakt\/\",\"url\":\"https:\/\/zunnetje.nl\/index.php\/de\/kontakt\/\",\"name\":\"Kontakt - Zunnetje\",\"isPartOf\":{\"@id\":\"https:\/\/zunnetje.nl\/#website\"},\"primaryImageOfPage\":{\"@id\":\"https:\/\/zunnetje.nl\/index.php\/de\/kontakt\/#primaryimage\"},\"image\":{\"@id\":\"https:\/\/zunnetje.nl\/index.php\/de\/kontakt\/#primaryimage\"},\"thumbnailUrl\":\"https:\/\/zunnetje.nl\/wp-content\/uploads\/2018\/10\/ZunnetjeSitePicTxt.png\",\"datePublished\":\"2018-12-07T08:30:29+00:00\",\"dateModified\":\"2018-12-07T11:14:32+00:00\",\"description\":\"Kontaktformular Zunnetje ferienhaus Zeeland. Senden Sie uns eine Nachricht und wir werden uns so schnell wie m\u00f6glich mit Ihnen in Verbindung setzen\",\"breadcrumb\":{\"@id\":\"https:\/\/zunnetje.nl\/index.php\/de\/kontakt\/#breadcrumb\"},\"inLanguage\":\"en-US\",\"potentialAction\":[{\"@type\":\"ReadAction\",\"target\":[\"https:\/\/zunnetje.nl\/index.php\/de\/kontakt\/\"]}]},{\"@type\":\"ImageObject\",\"inLanguage\":\"en-US\",\"@id\":\"https:\/\/zunnetje.nl\/index.php\/de\/kontakt\/#primaryimage\",\"url\":\"https:\/\/zunnetje.nl\/wp-content\/uploads\/2018\/10\/ZunnetjeSitePicTxt.png\",\"contentUrl\":\"https:\/\/zunnetje.nl\/wp-content\/uploads\/2018\/10\/ZunnetjeSitePicTxt.png\",\"width\":340,\"height\":100,\"caption\":\"Zunnetje logo groen\"},{\"@type\":\"BreadcrumbList\",\"@id\":\"https:\/\/zunnetje.nl\/index.php\/de\/kontakt\/#breadcrumb\",\"itemListElement\":[{\"@type\":\"ListItem\",\"position\":1,\"name\":\"Home\",\"item\":\"https:\/\/zunnetje.nl\/\"},{\"@type\":\"ListItem\",\"position\":2,\"name\":\"Kontakt\"}]},{\"@type\":\"WebSite\",\"@id\":\"https:\/\/zunnetje.nl\/#website\",\"url\":\"https:\/\/zunnetje.nl\/\",\"name\":\"Zunnetje\",\"description\":\"Ons vakantiehuisje aan zee\",\"potentialAction\":[{\"@type\":\"SearchAction\",\"target\":{\"@type\":\"EntryPoint\",\"urlTemplate\":\"https:\/\/zunnetje.nl\/?s={search_term_string}\"},\"query-input\":{\"@type\":\"PropertyValueSpecification\",\"valueRequired\":true,\"valueName\":\"search_term_string\"}}],\"inLanguage\":\"en-US\"}]}<\/script>\n<!-- \/ Yoast SEO plugin. -->","yoast_head_json":{"title":"Kontakt - Zunnetje","description":"Kontaktformular Zunnetje ferienhaus Zeeland. Senden Sie uns eine Nachricht und wir werden uns so schnell wie m\u00f6glich mit Ihnen in Verbindung setzen","robots":{"index":"index","follow":"follow","max-snippet":"max-snippet:-1","max-image-preview":"max-image-preview:large","max-video-preview":"max-video-preview:-1"},"canonical":"https:\/\/zunnetje.nl\/index.php\/de\/kontakt\/","og_locale":"en_US","og_type":"article","og_title":"Kontakt - Zunnetje","og_description":"Kontaktformular Zunnetje ferienhaus Zeeland. Senden Sie uns eine Nachricht und wir werden uns so schnell wie m\u00f6glich mit Ihnen in Verbindung setzen","og_url":"https:\/\/zunnetje.nl\/index.php\/de\/kontakt\/","og_site_name":"Zunnetje","article_modified_time":"2018-12-07T11:14:32+00:00","og_image":[{"url":"https:\/\/zunnetje.nl\/wp-content\/uploads\/2018\/10\/ZunnetjeSitePicTxt.png","type":"","width":"","height":""}],"twitter_card":"summary_large_image","schema":{"@context":"https:\/\/schema.org","@graph":[{"@type":"WebPage","@id":"https:\/\/zunnetje.nl\/index.php\/de\/kontakt\/","url":"https:\/\/zunnetje.nl\/index.php\/de\/kontakt\/","name":"Kontakt - Zunnetje","isPartOf":{"@id":"https:\/\/zunnetje.nl\/#website"},"primaryImageOfPage":{"@id":"https:\/\/zunnetje.nl\/index.php\/de\/kontakt\/#primaryimage"},"image":{"@id":"https:\/\/zunnetje.nl\/index.php\/de\/kontakt\/#primaryimage"},"thumbnailUrl":"https:\/\/zunnetje.nl\/wp-content\/uploads\/2018\/10\/ZunnetjeSitePicTxt.png","datePublished":"2018-12-07T08:30:29+00:00","dateModified":"2018-12-07T11:14:32+00:00","description":"Kontaktformular Zunnetje ferienhaus Zeeland. Senden Sie uns eine Nachricht und wir werden uns so schnell wie m\u00f6glich mit Ihnen in Verbindung setzen","breadcrumb":{"@id":"https:\/\/zunnetje.nl\/index.php\/de\/kontakt\/#breadcrumb"},"inLanguage":"en-US","potentialAction":[{"@type":"ReadAction","target":["https:\/\/zunnetje.nl\/index.php\/de\/kontakt\/"]}]},{"@type":"ImageObject","inLanguage":"en-US","@id":"https:\/\/zunnetje.nl\/index.php\/de\/kontakt\/#primaryimage","url":"https:\/\/zunnetje.nl\/wp-content\/uploads\/2018\/10\/ZunnetjeSitePicTxt.png","contentUrl":"https:\/\/zunnetje.nl\/wp-content\/uploads\/2018\/10\/ZunnetjeSitePicTxt.png","width":340,"height":100,"caption":"Zunnetje logo groen"},{"@type":"BreadcrumbList","@id":"https:\/\/zunnetje.nl\/index.php\/de\/kontakt\/#breadcrumb","itemListElement":[{"@type":"ListItem","position":1,"name":"Home","item":"https:\/\/zunnetje.nl\/"},{"@type":"ListItem","position":2,"name":"Kontakt"}]},{"@type":"WebSite","@id":"https:\/\/zunnetje.nl\/#website","url":"https:\/\/zunnetje.nl\/","name":"Zunnetje","description":"Ons vakantiehuisje aan zee","potentialAction":[{"@type":"SearchAction","target":{"@type":"EntryPoint","urlTemplate":"https:\/\/zunnetje.nl\/?s={search_term_string}"},"query-input":{"@type":"PropertyValueSpecification","valueRequired":true,"valueName":"search_term_string"}}],"inLanguage":"en-US"}]}},"_links":{"self":[{"href":"https:\/\/zunnetje.nl\/index.php\/wp-json\/wp\/v2\/pages\/2480","targetHints":{"allow":["GET"]}}],"collection":[{"href":"https:\/\/zunnetje.nl\/index.php\/wp-json\/wp\/v2\/pages"}],"about":[{"href":"https:\/\/zunnetje.nl\/index.php\/wp-json\/wp\/v2\/types\/page"}],"author":[{"embeddable":true,"href":"https:\/\/zunnetje.nl\/index.php\/wp-json\/wp\/v2\/users\/1"}],"replies":[{"embeddable":true,"href":"https:\/\/zunnetje.nl\/index.php\/wp-json\/wp\/v2\/comments?post=2480"}],"version-history":[{"count":4,"href":"https:\/\/zunnetje.nl\/index.php\/wp-json\/wp\/v2\/pages\/2480\/revisions"}],"predecessor-version":[{"id":2522,"href":"https:\/\/zunnetje.nl\/index.php\/wp-json\/wp\/v2\/pages\/2480\/revisions\/2522"}],"wp:attachment":[{"href":"https:\/\/zunnetje.nl\/index.php\/wp-json\/wp\/v2\/media?parent=2480"}],"curies":[{"name":"wp","href":"https:\/\/api.w.org\/{rel}","templated":true}]}}