{"id":2484,"date":"2018-12-07T08:39:51","date_gmt":"2018-12-07T08:39:51","guid":{"rendered":"https:\/\/zunnetje.nl\/?page_id=2484"},"modified":"2021-10-22T06:28:54","modified_gmt":"2021-10-22T06:28:54","slug":"breezand1-2","status":"publish","type":"page","link":"https:\/\/zunnetje.nl\/index.php\/de\/breezand1-2\/","title":{"rendered":"Breezand 1"},"content":{"rendered":"\t\t<div data-elementor-type=\"wp-post\" data-elementor-id=\"2484\" class=\"elementor elementor-2484\">\n\t\t\t\t\t\t<section class=\"elementor-section elementor-top-section elementor-element elementor-element-1286d9b3 elementor-section-boxed elementor-section-height-default elementor-section-height-default\" data-id=\"1286d9b3\" data-element_type=\"section\" data-e-type=\"section\">\n\t\t\t\t\t\t<div class=\"elementor-container elementor-column-gap-default\">\n\t\t\t\t\t<div class=\"elementor-column elementor-col-100 elementor-top-column elementor-element elementor-element-16b37d42\" data-id=\"16b37d42\" data-element_type=\"column\" data-e-type=\"column\">\n\t\t\t<div class=\"elementor-widget-wrap elementor-element-populated\">\n\t\t\t\t\t\t<section class=\"elementor-section elementor-inner-section elementor-element elementor-element-75a529d elementor-section-boxed elementor-section-height-default elementor-section-height-default\" data-id=\"75a529d\" data-element_type=\"section\" data-e-type=\"section\">\n\t\t\t\t\t\t<div class=\"elementor-container elementor-column-gap-default\">\n\t\t\t\t\t<div class=\"elementor-column elementor-col-50 elementor-inner-column elementor-element elementor-element-54fa913\" data-id=\"54fa913\" data-element_type=\"column\" data-e-type=\"column\">\n\t\t\t<div class=\"elementor-widget-wrap elementor-element-populated\">\n\t\t\t\t\t\t<div class=\"elementor-element elementor-element-49d6dab elementor-widget elementor-widget-text-editor\" data-id=\"49d6dab\" data-element_type=\"widget\" data-e-type=\"widget\" data-widget_type=\"text-editor.default\">\n\t\t\t\t<div class=\"elementor-widget-container\">\n\t\t\t\t\t\t\t\t\t<p>Das Zunnetje liegt im Ferienpark Breezand 1. Dieser Park befindet sich direkt hinter den Nordseed\u00fcnen an der Spitze von Walcheren.<\/p>\n<p>Der Park ist ger\u00e4umig wie ein Landschaftspark, die H\u00e4user sind mindestens 20 m voneinander entfernt und bieten viel Gr\u00fcn und Privatsph\u00e4re. Der Park hat keine Einlagen oder Z\u00e4une.<\/p>\n<p><\/p>\n<p><code><\/code><\/p>\t\t\t\t\t\t\t\t<\/div>\n\t\t\t\t<\/div>\n\t\t\t\t\t<\/div>\n\t\t<\/div>\n\t\t\t\t<div class=\"elementor-column elementor-col-50 elementor-inner-column elementor-element elementor-element-a265a91\" data-id=\"a265a91\" data-element_type=\"column\" data-e-type=\"column\">\n\t\t\t<div class=\"elementor-widget-wrap elementor-element-populated\">\n\t\t\t\t\t\t<div class=\"elementor-element elementor-element-e44668c elementor-widget elementor-widget-image\" data-id=\"e44668c\" data-element_type=\"widget\" data-e-type=\"widget\" data-widget_type=\"image.default\">\n\t\t\t\t<div class=\"elementor-widget-container\">\n\t\t\t\t\t\t\t\t\t\t\t\t\t\t\t<img fetchpriority=\"high\" decoding=\"async\" width=\"300\" height=\"200\" src=\"https:\/\/zunnetje.nl\/wp-content\/uploads\/2018\/10\/luchtfotoBreezand1-300x200.jpg\" class=\"attachment-medium size-medium wp-image-2401\" alt=\"Luchtfoto, Breezand1 Vrouwenpolder, Zeeland\" \/>\t\t\t\t\t\t\t\t\t\t\t\t\t\t\t<\/div>\n\t\t\t\t<\/div>\n\t\t\t\t\t<\/div>\n\t\t<\/div>\n\t\t\t\t\t<\/div>\n\t\t<\/section>\n\t\t\t\t<section class=\"elementor-section elementor-inner-section elementor-element elementor-element-df6fc9e elementor-section-boxed elementor-section-height-default elementor-section-height-default\" data-id=\"df6fc9e\" data-element_type=\"section\" data-e-type=\"section\">\n\t\t\t\t\t\t<div class=\"elementor-container elementor-column-gap-default\">\n\t\t\t\t\t<div class=\"elementor-column elementor-col-50 elementor-inner-column elementor-element elementor-element-ae38044\" data-id=\"ae38044\" data-element_type=\"column\" data-e-type=\"column\">\n\t\t\t<div class=\"elementor-widget-wrap elementor-element-populated\">\n\t\t\t\t\t\t<div class=\"elementor-element elementor-element-3dd1748 elementor-widget elementor-widget-text-editor\" data-id=\"3dd1748\" data-element_type=\"widget\" data-e-type=\"widget\" data-widget_type=\"text-editor.default\">\n\t\t\t\t<div class=\"elementor-widget-container\">\n\t\t\t\t\t\t\t\t\t<p>Die H\u00e4user wurden in verschiedenen Epochen von 1950 bis 1960 nach unterschiedlichen Entw\u00fcrfen gebaut.<br \/><br \/>Diese Einrichtung hat zu einer offenen, entspannten Urlaubsatmosph\u00e4re im Park gef\u00fchrt.<\/p>\t\t\t\t\t\t\t\t<\/div>\n\t\t\t\t<\/div>\n\t\t\t\t\t<\/div>\n\t\t<\/div>\n\t\t\t\t<div class=\"elementor-column elementor-col-50 elementor-inner-column elementor-element elementor-element-80775ab\" data-id=\"80775ab\" data-element_type=\"column\" data-e-type=\"column\">\n\t\t\t<div class=\"elementor-widget-wrap elementor-element-populated\">\n\t\t\t\t\t\t<div class=\"elementor-element elementor-element-b338d7f elementor-widget elementor-widget-image\" data-id=\"b338d7f\" data-element_type=\"widget\" data-e-type=\"widget\" data-widget_type=\"image.default\">\n\t\t\t\t<div class=\"elementor-widget-container\">\n\t\t\t\t\t\t\t\t\t\t\t\t\t\t\t<img decoding=\"async\" width=\"300\" height=\"200\" src=\"https:\/\/zunnetje.nl\/wp-content\/uploads\/2018\/10\/IMG_3409-300x200.jpg\" class=\"attachment-medium size-medium wp-image-2260\" alt=\"Zunnetje Ingang\" srcset=\"https:\/\/zunnetje.nl\/wp-content\/uploads\/2018\/10\/IMG_3409-300x200.jpg 300w, https:\/\/zunnetje.nl\/wp-content\/uploads\/2018\/10\/IMG_3409-768x512.jpg 768w, https:\/\/zunnetje.nl\/wp-content\/uploads\/2018\/10\/IMG_3409-1024x683.jpg 1024w\" sizes=\"(max-width: 300px) 100vw, 300px\" \/>\t\t\t\t\t\t\t\t\t\t\t\t\t\t\t<\/div>\n\t\t\t\t<\/div>\n\t\t\t\t\t<\/div>\n\t\t<\/div>\n\t\t\t\t\t<\/div>\n\t\t<\/section>\n\t\t\t\t<div class=\"elementor-element elementor-element-fb0c37f elementor-widget elementor-widget-text-editor\" data-id=\"fb0c37f\" data-element_type=\"widget\" data-e-type=\"widget\" data-widget_type=\"text-editor.default\">\n\t\t\t\t<div class=\"elementor-widget-container\">\n\t\t\t\t\t\t\t\t\t<p>\u00a0<\/p><div>Weitere Hintergrundinformationen zum Park finden Sie auf der Website der Eigent\u00fcmervereinigung <a href=\"https:\/\/www.breezand-vrouwenpolder.nl\/geschiedenis\/\" target=\"_blank\" rel=\"noopener\">breezand-vrouwenpolder.nl<\/a>.<\/div><p>\u00a0<\/p>\t\t\t\t\t\t\t\t<\/div>\n\t\t\t\t<\/div>\n\t\t\t\t\t<\/div>\n\t\t<\/div>\n\t\t\t\t\t<\/div>\n\t\t<\/section>\n\t\t\t\t<section class=\"elementor-section elementor-top-section elementor-element elementor-element-57d3cee elementor-section-boxed elementor-section-height-default elementor-section-height-default\" data-id=\"57d3cee\" data-element_type=\"section\" data-e-type=\"section\">\n\t\t\t\t\t\t<div class=\"elementor-container elementor-column-gap-default\">\n\t\t\t\t\t<div class=\"elementor-column elementor-col-100 elementor-top-column elementor-element elementor-element-a301716\" data-id=\"a301716\" data-element_type=\"column\" data-e-type=\"column\">\n\t\t\t<div class=\"elementor-widget-wrap elementor-element-populated\">\n\t\t\t\t\t\t<div class=\"elementor-element elementor-element-d91967c elementor-widget elementor-widget-image\" data-id=\"d91967c\" data-element_type=\"widget\" data-e-type=\"widget\" data-widget_type=\"image.default\">\n\t\t\t\t<div class=\"elementor-widget-container\">\n\t\t\t\t\t\t\t\t\t\t\t\t\t\t\t<img decoding=\"async\" width=\"640\" height=\"427\" src=\"https:\/\/zunnetje.nl\/wp-content\/uploads\/2018\/10\/IMG_3473-1024x683.jpg\" class=\"attachment-large size-large wp-image-2270\" alt=\"Speelwei Breezand\" srcset=\"https:\/\/zunnetje.nl\/wp-content\/uploads\/2018\/10\/IMG_3473-1024x683.jpg 1024w, https:\/\/zunnetje.nl\/wp-content\/uploads\/2018\/10\/IMG_3473-300x200.jpg 300w, https:\/\/zunnetje.nl\/wp-content\/uploads\/2018\/10\/IMG_3473-768x512.jpg 768w\" sizes=\"(max-width: 640px) 100vw, 640px\" \/>\t\t\t\t\t\t\t\t\t\t\t\t\t\t\t<\/div>\n\t\t\t\t<\/div>\n\t\t\t\t\t<\/div>\n\t\t<\/div>\n\t\t\t\t\t<\/div>\n\t\t<\/section>\n\t\t\t\t<\/div>\n\t\t","protected":false},"excerpt":{"rendered":"<p>Das Zunnetje liegt im Ferienpark Breezand 1. Dieser Park befindet sich direkt hinter den Nordseed\u00fcnen an der Spitze von Walcheren. Der Park ist ger\u00e4umig wie ein Landschaftspark, die H\u00e4user sind mindestens 20 m voneinander entfernt und bieten viel Gr\u00fcn und Privatsph\u00e4re. Der Park hat keine Einlagen oder Z\u00e4une. Die H\u00e4user wurden in verschiedenen Epochen von 1950 bis 1960 nach unterschiedlichen Entw\u00fcrfen gebaut. Diese Einrichtung hat zu einer offenen, entspannten Urlaubsatmosph\u00e4re im Park gef\u00fchrt. \u00a0 Weitere Hintergrundinformationen zum Park finden Sie&hellip;<\/p>\n","protected":false},"author":1,"featured_media":0,"parent":0,"menu_order":0,"comment_status":"closed","ping_status":"closed","template":"","meta":{"footnotes":""},"class_list":["post-2484","page","type-page","status-publish","hentry"],"yoast_head":"<!-- This site is optimized with the Yoast SEO plugin v26.8 - https:\/\/yoast.com\/product\/yoast-seo-wordpress\/ -->\n<title>Breezand 1 % - Zunnetje<\/title>\n<meta name=\"description\" content=\"Der Vakantiepark Breezand 1 liegt direkt hinter den Nordseed\u00fcnen am Kopf von Walcheren. Ferienhaus zu vermieten Vrouwenpolder\" \/>\n<meta name=\"robots\" content=\"index, follow, max-snippet:-1, max-image-preview:large, max-video-preview:-1\" \/>\n<link rel=\"canonical\" href=\"https:\/\/zunnetje.nl\/index.php\/de\/breezand1-2\/\" \/>\n<meta property=\"og:locale\" content=\"en_US\" \/>\n<meta property=\"og:type\" content=\"article\" \/>\n<meta property=\"og:title\" content=\"Breezand 1 % - Zunnetje\" \/>\n<meta property=\"og:description\" content=\"Der Vakantiepark Breezand 1 liegt direkt hinter den Nordseed\u00fcnen am Kopf von Walcheren. Ferienhaus zu vermieten Vrouwenpolder\" \/>\n<meta property=\"og:url\" content=\"https:\/\/zunnetje.nl\/index.php\/de\/breezand1-2\/\" \/>\n<meta property=\"og:site_name\" content=\"Zunnetje\" \/>\n<meta property=\"article:modified_time\" content=\"2021-10-22T06:28:54+00:00\" \/>\n<meta property=\"og:image\" content=\"https:\/\/zunnetje.nl\/wp-content\/uploads\/2018\/10\/luchtfotoBreezand1-300x200.jpg\" \/>\n<meta name=\"twitter:card\" content=\"summary_large_image\" \/>\n<meta name=\"twitter:label1\" content=\"Est. reading time\" \/>\n\t<meta name=\"twitter:data1\" content=\"1 minute\" \/>\n<script type=\"application\/ld+json\" class=\"yoast-schema-graph\">{\"@context\":\"https:\/\/schema.org\",\"@graph\":[{\"@type\":\"WebPage\",\"@id\":\"https:\/\/zunnetje.nl\/index.php\/de\/breezand1-2\/\",\"url\":\"https:\/\/zunnetje.nl\/index.php\/de\/breezand1-2\/\",\"name\":\"Breezand 1 % - Zunnetje\",\"isPartOf\":{\"@id\":\"https:\/\/zunnetje.nl\/#website\"},\"primaryImageOfPage\":{\"@id\":\"https:\/\/zunnetje.nl\/index.php\/de\/breezand1-2\/#primaryimage\"},\"image\":{\"@id\":\"https:\/\/zunnetje.nl\/index.php\/de\/breezand1-2\/#primaryimage\"},\"thumbnailUrl\":\"https:\/\/zunnetje.nl\/wp-content\/uploads\/2018\/10\/luchtfotoBreezand1-300x200.jpg\",\"datePublished\":\"2018-12-07T08:39:51+00:00\",\"dateModified\":\"2021-10-22T06:28:54+00:00\",\"description\":\"Der Vakantiepark Breezand 1 liegt direkt hinter den Nordseed\u00fcnen am Kopf von Walcheren. Ferienhaus zu vermieten Vrouwenpolder\",\"breadcrumb\":{\"@id\":\"https:\/\/zunnetje.nl\/index.php\/de\/breezand1-2\/#breadcrumb\"},\"inLanguage\":\"en-US\",\"potentialAction\":[{\"@type\":\"ReadAction\",\"target\":[\"https:\/\/zunnetje.nl\/index.php\/de\/breezand1-2\/\"]}]},{\"@type\":\"ImageObject\",\"inLanguage\":\"en-US\",\"@id\":\"https:\/\/zunnetje.nl\/index.php\/de\/breezand1-2\/#primaryimage\",\"url\":\"https:\/\/zunnetje.nl\/wp-content\/uploads\/2018\/10\/luchtfotoBreezand1.jpg\",\"contentUrl\":\"https:\/\/zunnetje.nl\/wp-content\/uploads\/2018\/10\/luchtfotoBreezand1.jpg\",\"width\":300,\"height\":200,\"caption\":\"Luchtfoto, Breezand1 Vrouwenpolder, Zeeland\"},{\"@type\":\"BreadcrumbList\",\"@id\":\"https:\/\/zunnetje.nl\/index.php\/de\/breezand1-2\/#breadcrumb\",\"itemListElement\":[{\"@type\":\"ListItem\",\"position\":1,\"name\":\"Home\",\"item\":\"https:\/\/zunnetje.nl\/\"},{\"@type\":\"ListItem\",\"position\":2,\"name\":\"Breezand 1\"}]},{\"@type\":\"WebSite\",\"@id\":\"https:\/\/zunnetje.nl\/#website\",\"url\":\"https:\/\/zunnetje.nl\/\",\"name\":\"Zunnetje\",\"description\":\"Ons vakantiehuisje aan zee\",\"potentialAction\":[{\"@type\":\"SearchAction\",\"target\":{\"@type\":\"EntryPoint\",\"urlTemplate\":\"https:\/\/zunnetje.nl\/?s={search_term_string}\"},\"query-input\":{\"@type\":\"PropertyValueSpecification\",\"valueRequired\":true,\"valueName\":\"search_term_string\"}}],\"inLanguage\":\"en-US\"}]}<\/script>\n<!-- \/ Yoast SEO plugin. -->","yoast_head_json":{"title":"Breezand 1 % - Zunnetje","description":"Der Vakantiepark Breezand 1 liegt direkt hinter den Nordseed\u00fcnen am Kopf von Walcheren. Ferienhaus zu vermieten Vrouwenpolder","robots":{"index":"index","follow":"follow","max-snippet":"max-snippet:-1","max-image-preview":"max-image-preview:large","max-video-preview":"max-video-preview:-1"},"canonical":"https:\/\/zunnetje.nl\/index.php\/de\/breezand1-2\/","og_locale":"en_US","og_type":"article","og_title":"Breezand 1 % - Zunnetje","og_description":"Der Vakantiepark Breezand 1 liegt direkt hinter den Nordseed\u00fcnen am Kopf von Walcheren. Ferienhaus zu vermieten Vrouwenpolder","og_url":"https:\/\/zunnetje.nl\/index.php\/de\/breezand1-2\/","og_site_name":"Zunnetje","article_modified_time":"2021-10-22T06:28:54+00:00","og_image":[{"url":"https:\/\/zunnetje.nl\/wp-content\/uploads\/2018\/10\/luchtfotoBreezand1-300x200.jpg","type":"","width":"","height":""}],"twitter_card":"summary_large_image","twitter_misc":{"Est. reading time":"1 minute"},"schema":{"@context":"https:\/\/schema.org","@graph":[{"@type":"WebPage","@id":"https:\/\/zunnetje.nl\/index.php\/de\/breezand1-2\/","url":"https:\/\/zunnetje.nl\/index.php\/de\/breezand1-2\/","name":"Breezand 1 % - Zunnetje","isPartOf":{"@id":"https:\/\/zunnetje.nl\/#website"},"primaryImageOfPage":{"@id":"https:\/\/zunnetje.nl\/index.php\/de\/breezand1-2\/#primaryimage"},"image":{"@id":"https:\/\/zunnetje.nl\/index.php\/de\/breezand1-2\/#primaryimage"},"thumbnailUrl":"https:\/\/zunnetje.nl\/wp-content\/uploads\/2018\/10\/luchtfotoBreezand1-300x200.jpg","datePublished":"2018-12-07T08:39:51+00:00","dateModified":"2021-10-22T06:28:54+00:00","description":"Der Vakantiepark Breezand 1 liegt direkt hinter den Nordseed\u00fcnen am Kopf von Walcheren. Ferienhaus zu vermieten Vrouwenpolder","breadcrumb":{"@id":"https:\/\/zunnetje.nl\/index.php\/de\/breezand1-2\/#breadcrumb"},"inLanguage":"en-US","potentialAction":[{"@type":"ReadAction","target":["https:\/\/zunnetje.nl\/index.php\/de\/breezand1-2\/"]}]},{"@type":"ImageObject","inLanguage":"en-US","@id":"https:\/\/zunnetje.nl\/index.php\/de\/breezand1-2\/#primaryimage","url":"https:\/\/zunnetje.nl\/wp-content\/uploads\/2018\/10\/luchtfotoBreezand1.jpg","contentUrl":"https:\/\/zunnetje.nl\/wp-content\/uploads\/2018\/10\/luchtfotoBreezand1.jpg","width":300,"height":200,"caption":"Luchtfoto, Breezand1 Vrouwenpolder, Zeeland"},{"@type":"BreadcrumbList","@id":"https:\/\/zunnetje.nl\/index.php\/de\/breezand1-2\/#breadcrumb","itemListElement":[{"@type":"ListItem","position":1,"name":"Home","item":"https:\/\/zunnetje.nl\/"},{"@type":"ListItem","position":2,"name":"Breezand 1"}]},{"@type":"WebSite","@id":"https:\/\/zunnetje.nl\/#website","url":"https:\/\/zunnetje.nl\/","name":"Zunnetje","description":"Ons vakantiehuisje aan zee","potentialAction":[{"@type":"SearchAction","target":{"@type":"EntryPoint","urlTemplate":"https:\/\/zunnetje.nl\/?s={search_term_string}"},"query-input":{"@type":"PropertyValueSpecification","valueRequired":true,"valueName":"search_term_string"}}],"inLanguage":"en-US"}]}},"_links":{"self":[{"href":"https:\/\/zunnetje.nl\/index.php\/wp-json\/wp\/v2\/pages\/2484","targetHints":{"allow":["GET"]}}],"collection":[{"href":"https:\/\/zunnetje.nl\/index.php\/wp-json\/wp\/v2\/pages"}],"about":[{"href":"https:\/\/zunnetje.nl\/index.php\/wp-json\/wp\/v2\/types\/page"}],"author":[{"embeddable":true,"href":"https:\/\/zunnetje.nl\/index.php\/wp-json\/wp\/v2\/users\/1"}],"replies":[{"embeddable":true,"href":"https:\/\/zunnetje.nl\/index.php\/wp-json\/wp\/v2\/comments?post=2484"}],"version-history":[{"count":6,"href":"https:\/\/zunnetje.nl\/index.php\/wp-json\/wp\/v2\/pages\/2484\/revisions"}],"predecessor-version":[{"id":2704,"href":"https:\/\/zunnetje.nl\/index.php\/wp-json\/wp\/v2\/pages\/2484\/revisions\/2704"}],"wp:attachment":[{"href":"https:\/\/zunnetje.nl\/index.php\/wp-json\/wp\/v2\/media?parent=2484"}],"curies":[{"name":"wp","href":"https:\/\/api.w.org\/{rel}","templated":true}]}}