{"id":2494,"date":"2018-12-07T08:51:38","date_gmt":"2018-12-07T08:51:38","guid":{"rendered":"https:\/\/zunnetje.nl\/?page_id=2494"},"modified":"2019-10-18T07:40:31","modified_gmt":"2019-10-18T07:40:31","slug":"strandort","status":"publish","type":"page","link":"https:\/\/zunnetje.nl\/index.php\/de\/strandort\/","title":{"rendered":"Standort"},"content":{"rendered":"\t\t<div data-elementor-type=\"wp-post\" data-elementor-id=\"2494\" class=\"elementor elementor-2494 elementor-bc-flex-widget\">\n\t\t\t\t\t\t<section class=\"elementor-section elementor-top-section elementor-element elementor-element-1a1a71ab elementor-section-boxed elementor-section-height-default elementor-section-height-default\" data-id=\"1a1a71ab\" data-element_type=\"section\" data-e-type=\"section\">\n\t\t\t\t\t\t<div class=\"elementor-container elementor-column-gap-default\">\n\t\t\t\t\t<div class=\"elementor-column elementor-col-100 elementor-top-column elementor-element elementor-element-32615695\" data-id=\"32615695\" data-element_type=\"column\" data-e-type=\"column\">\n\t\t\t<div class=\"elementor-widget-wrap elementor-element-populated\">\n\t\t\t\t\t\t<section class=\"elementor-section elementor-inner-section elementor-element elementor-element-13bc361 elementor-section-boxed elementor-section-height-default elementor-section-height-default\" data-id=\"13bc361\" data-element_type=\"section\" data-e-type=\"section\">\n\t\t\t\t\t\t<div class=\"elementor-container elementor-column-gap-default\">\n\t\t\t\t\t<div class=\"elementor-column elementor-col-50 elementor-inner-column elementor-element elementor-element-412ef8d\" data-id=\"412ef8d\" data-element_type=\"column\" data-e-type=\"column\">\n\t\t\t<div class=\"elementor-widget-wrap elementor-element-populated\">\n\t\t\t\t\t\t<div class=\"elementor-element elementor-element-3400d06 elementor-widget elementor-widget-text-editor\" data-id=\"3400d06\" data-element_type=\"widget\" data-e-type=\"widget\" data-widget_type=\"text-editor.default\">\n\t\t\t\t<div class=\"elementor-widget-container\">\n\t\t\t\t\t\t\t\t\t<p>Direkt hinter den D\u00fcnen gelegen, nur wenige Gehminuten vom Strand entfernt!<\/p><p>Das Dorf mit seinen Gesch\u00e4ften und Restaurants befindet sich 1 km vom Cottage entfernt. Sie k\u00f6nnen aber auch in den verschiedenen Strandzelten und im Strandhotel neben dem Park etwas trinken.<\/p><p>Adresse: Breezand 41, 4354NJ Vrouwenpolder<\/p><p>Google maps<a href=\"https:\/\/goo.gl\/maps\/P7x3v83LyJgZjXY46\" target=\"_blank\" rel=\"noopener\"> link<\/a><a href=\"https:\/\/goo.gl\/maps\/P7x3v83LyJgZjXY46\" target=\"_blank\" rel=\"noopener\"><img decoding=\"async\" class=\"alignright wp-image-2637\" src=\"https:\/\/zunnetje.nl\/wp-content\/uploads\/2019\/10\/google-icon-map-300x293.png\" alt=\"Google maps\" width=\"70\" height=\"68\" srcset=\"https:\/\/zunnetje.nl\/wp-content\/uploads\/2019\/10\/google-icon-map-300x293.png 300w, https:\/\/zunnetje.nl\/wp-content\/uploads\/2019\/10\/google-icon-map.png 736w\" sizes=\"(max-width: 70px) 100vw, 70px\" \/><\/a><\/p>\t\t\t\t\t\t\t\t<\/div>\n\t\t\t\t<\/div>\n\t\t\t\t\t<\/div>\n\t\t<\/div>\n\t\t\t\t<div class=\"elementor-column elementor-col-50 elementor-inner-column elementor-element elementor-element-a84dec5\" data-id=\"a84dec5\" data-element_type=\"column\" data-e-type=\"column\">\n\t\t\t<div class=\"elementor-widget-wrap elementor-element-populated\">\n\t\t\t\t\t\t<div class=\"elementor-element elementor-element-33f5209 elementor-widget elementor-widget-image\" data-id=\"33f5209\" data-element_type=\"widget\" data-e-type=\"widget\" data-widget_type=\"image.default\">\n\t\t\t\t<div class=\"elementor-widget-container\">\n\t\t\t\t\t\t\t\t\t\t\t\t\t\t\t<img fetchpriority=\"high\" decoding=\"async\" width=\"640\" height=\"320\" src=\"https:\/\/zunnetje.nl\/wp-content\/uploads\/2018\/10\/Zunnetje_buiten2.jpg\" class=\"attachment-large size-large wp-image-2255\" alt=\"Zunnetje_buiten terras\" srcset=\"https:\/\/zunnetje.nl\/wp-content\/uploads\/2018\/10\/Zunnetje_buiten2.jpg 1000w, https:\/\/zunnetje.nl\/wp-content\/uploads\/2018\/10\/Zunnetje_buiten2-300x150.jpg 300w, https:\/\/zunnetje.nl\/wp-content\/uploads\/2018\/10\/Zunnetje_buiten2-768x384.jpg 768w\" sizes=\"(max-width: 640px) 100vw, 640px\" \/>\t\t\t\t\t\t\t\t\t\t\t\t\t\t\t<\/div>\n\t\t\t\t<\/div>\n\t\t\t\t\t<\/div>\n\t\t<\/div>\n\t\t\t\t\t<\/div>\n\t\t<\/section>\n\t\t\t\t<div class=\"elementor-element elementor-element-4e685126 elementor-widget elementor-widget-text-editor\" data-id=\"4e685126\" data-element_type=\"widget\" data-e-type=\"widget\" data-widget_type=\"text-editor.default\">\n\t\t\t\t<div class=\"elementor-widget-container\">\n\t\t\t\t\t\n\n\t\t\t\t<p>\n        <div id=\"map_ol3js_1\"\n       class=\"osm-map-container undefined\"\n             data-map_name=\"undefined\"\n             data-map=\"map_ol3js_1\"\n             style=\"width:100%;\n                    max-width:100%;\n                    height:450px;\n                    display:block;\n                    overflow:hidden;\n                    border:2px solid grey;\">\n          <div id=\"map_ol3js_1_popup\" class=\"ol-popup\">\n            <a href=\"#\" id=\"map_ol3js_1_popup-closer\" class=\"ol-popup-closer\"><\/a>\n            <div id=\"map_ol3js_1_popup-content\"><\/div>\n          <\/div>\n        <\/div>\n    \n\n\t\t\t\t<script type=\"text\/javascript\">\n\t\t\t\t\ttranslations['openlayer'] = \"open layer\";\n\t\t\t\t\ttranslations['openlayerAtStartup'] = \"open layer at startup\";\n\t\t\t\t\ttranslations['generateLink'] = \"link to this map with opened layers\";\n\t\t\t\t\ttranslations['shortDescription'] = \"short description\";\n\t\t\t\t\ttranslations['generatedShortCode'] = \"to get a text control link paste this code in your wordpress editor\";\n\t\t\t\t\ttranslations['closeLayer'] = \"close layer\";\n\t\t\t\t\ttranslations['cantGenerateLink'] = \"put this string in the existing map short code to control this map\";\n\t\t\t  <\/script>\n\n\n\t\t\t  <script type=\"text\/javascript\">\n\t\t\t  vectorM['map_ol3js_1'] = [];\n\t        \n        var raster = getTileLayer(\"osm\",\"NoKey\");\t\t\t\n\n\t\t\t  var map_ol3js_1 = new ol.Map({\n\t\t\t\tinteractions: ol.interaction.defaults.defaults({mouseWheelZoom:false}),\n\t\t\t\tlayers: [raster],\n\t\t\t\ttarget: \"map_ol3js_1\",\n\t\t\t\tview: new ol.View({\n\t\t\t\t  center: ol.proj.transform([3.6157,51.5868], \"EPSG:4326\", \"EPSG:3857\"),\n\t\t\t\t  zoom: 16\n\t\t\t\t})\n\t\t\t  });\n\t\t\t  osm_addMarkerLayer(map_ol3js_1,3.6179,51.5854,\"https:\/\/zunnetje.nl\/wp-content\/plugins\/osm\/icons\/mic_blue_empty_01.png\",-16,-41,\"<p>Breezand 41<br>4354NJ Vrouwenpolder<\/p>\") ; \naddControls2Map(map_ol3js_1,0,0,3,0,5,6,7,0,1);\nosm_addPopupClickhandler(map_ol3js_1,  \"map_ol3js_1\"); \nosm_addMouseHover(map_ol3js_1); <\/script><\/p><p><code><\/code><\/p>\t\t\t\t\t\t\t\t<\/div>\n\t\t\t\t<\/div>\n\t\t\t\t\t<\/div>\n\t\t<\/div>\n\t\t\t\t\t<\/div>\n\t\t<\/section>\n\t\t\t\t<section class=\"elementor-section elementor-top-section elementor-element elementor-element-a5bcc0b elementor-section-boxed elementor-section-height-default elementor-section-height-default\" data-id=\"a5bcc0b\" data-element_type=\"section\" data-e-type=\"section\">\n\t\t\t\t\t\t<div class=\"elementor-container elementor-column-gap-default\">\n\t\t\t\t\t<div class=\"elementor-column elementor-col-100 elementor-top-column elementor-element elementor-element-118f52e\" data-id=\"118f52e\" data-element_type=\"column\" data-e-type=\"column\">\n\t\t\t<div class=\"elementor-widget-wrap\">\n\t\t\t\t\t\t\t<\/div>\n\t\t<\/div>\n\t\t\t\t\t<\/div>\n\t\t<\/section>\n\t\t\t\t<section class=\"elementor-section elementor-top-section elementor-element elementor-element-5b7a5f8 elementor-section-boxed elementor-section-height-default elementor-section-height-default\" data-id=\"5b7a5f8\" data-element_type=\"section\" data-e-type=\"section\">\n\t\t\t\t\t\t<div class=\"elementor-container elementor-column-gap-default\">\n\t\t\t\t\t<div class=\"elementor-column elementor-col-100 elementor-top-column elementor-element elementor-element-f72c820\" data-id=\"f72c820\" data-element_type=\"column\" data-e-type=\"column\">\n\t\t\t<div class=\"elementor-widget-wrap elementor-element-populated\">\n\t\t\t\t\t\t<div class=\"elementor-element elementor-element-46ffdc5 elementor-widget elementor-widget-text-editor\" data-id=\"46ffdc5\" data-element_type=\"widget\" data-e-type=\"widget\" data-widget_type=\"text-editor.default\">\n\t\t\t\t<div class=\"elementor-widget-container\">\n\t\t\t\t\t\t\t\t\t<p>Die H\u00e4user wurden in verschiedenen Epochen von 1950 bis 1960 nach unterschiedlichen Entw\u00fcrfen gebaut.<br \/><br \/>Diese Einrichtung hat zu einer offenen, entspannten Urlaubsatmosph\u00e4re im Park gef\u00fchrt.<\/p>\t\t\t\t\t\t\t\t<\/div>\n\t\t\t\t<\/div>\n\t\t\t\t\t<\/div>\n\t\t<\/div>\n\t\t\t\t\t<\/div>\n\t\t<\/section>\n\t\t\t\t<\/div>\n\t\t","protected":false},"excerpt":{"rendered":"<p>Direkt hinter den D\u00fcnen gelegen, nur wenige Gehminuten vom Strand entfernt! Das Dorf mit seinen Gesch\u00e4ften und Restaurants befindet sich 1 km vom Cottage entfernt. Sie k\u00f6nnen aber auch in den verschiedenen Strandzelten und im Strandhotel neben dem Park etwas trinken. Adresse: Breezand 41, 4354NJ Vrouwenpolder Google maps link Die H\u00e4user wurden in verschiedenen Epochen von 1950 bis 1960 nach unterschiedlichen Entw\u00fcrfen gebaut. Diese Einrichtung hat zu einer offenen, entspannten Urlaubsatmosph\u00e4re im Park gef\u00fchrt.<\/p>\n","protected":false},"author":1,"featured_media":0,"parent":0,"menu_order":0,"comment_status":"closed","ping_status":"closed","template":"","meta":{"footnotes":""},"class_list":["post-2494","page","type-page","status-publish","hentry"],"yoast_head":"<!-- This site is optimized with the Yoast SEO plugin v26.8 - https:\/\/yoast.com\/product\/yoast-seo-wordpress\/ -->\n<title>Standort - Zunnetje<\/title>\n<meta name=\"description\" content=\"Zunnetje, Breezand 1, 4354 NJ Vrouwenpolder, Lage, Beschreibung und Umgebung, Restaurants, Strand, Gesch\u00e4fte, Zeeland, Walcheren, Ferienhaus zu vermieten\" \/>\n<meta name=\"robots\" content=\"index, follow, max-snippet:-1, max-image-preview:large, max-video-preview:-1\" \/>\n<link rel=\"canonical\" href=\"https:\/\/zunnetje.nl\/index.php\/de\/strandort\/\" \/>\n<meta property=\"og:locale\" content=\"en_US\" \/>\n<meta property=\"og:type\" content=\"article\" \/>\n<meta property=\"og:title\" content=\"Standort - Zunnetje\" \/>\n<meta property=\"og:description\" content=\"Zunnetje, Breezand 1, 4354 NJ Vrouwenpolder, Lage, Beschreibung und Umgebung, Restaurants, Strand, Gesch\u00e4fte, Zeeland, Walcheren, Ferienhaus zu vermieten\" \/>\n<meta property=\"og:url\" content=\"https:\/\/zunnetje.nl\/index.php\/de\/strandort\/\" \/>\n<meta property=\"og:site_name\" content=\"Zunnetje\" \/>\n<meta property=\"article:modified_time\" content=\"2019-10-18T07:40:31+00:00\" \/>\n<meta property=\"og:image\" content=\"https:\/\/zunnetje.nl\/wp-content\/uploads\/2019\/10\/google-icon-map-300x293.png\" \/>\n<meta name=\"twitter:card\" content=\"summary_large_image\" \/>\n<script type=\"application\/ld+json\" class=\"yoast-schema-graph\">{\"@context\":\"https:\/\/schema.org\",\"@graph\":[{\"@type\":\"WebPage\",\"@id\":\"https:\/\/zunnetje.nl\/index.php\/de\/strandort\/\",\"url\":\"https:\/\/zunnetje.nl\/index.php\/de\/strandort\/\",\"name\":\"Standort - Zunnetje\",\"isPartOf\":{\"@id\":\"https:\/\/zunnetje.nl\/#website\"},\"primaryImageOfPage\":{\"@id\":\"https:\/\/zunnetje.nl\/index.php\/de\/strandort\/#primaryimage\"},\"image\":{\"@id\":\"https:\/\/zunnetje.nl\/index.php\/de\/strandort\/#primaryimage\"},\"thumbnailUrl\":\"https:\/\/zunnetje.nl\/wp-content\/uploads\/2019\/10\/google-icon-map-300x293.png\",\"datePublished\":\"2018-12-07T08:51:38+00:00\",\"dateModified\":\"2019-10-18T07:40:31+00:00\",\"description\":\"Zunnetje, Breezand 1, 4354 NJ Vrouwenpolder, Lage, Beschreibung und Umgebung, Restaurants, Strand, Gesch\u00e4fte, Zeeland, Walcheren, Ferienhaus zu vermieten\",\"breadcrumb\":{\"@id\":\"https:\/\/zunnetje.nl\/index.php\/de\/strandort\/#breadcrumb\"},\"inLanguage\":\"en-US\",\"potentialAction\":[{\"@type\":\"ReadAction\",\"target\":[\"https:\/\/zunnetje.nl\/index.php\/de\/strandort\/\"]}]},{\"@type\":\"ImageObject\",\"inLanguage\":\"en-US\",\"@id\":\"https:\/\/zunnetje.nl\/index.php\/de\/strandort\/#primaryimage\",\"url\":\"https:\/\/zunnetje.nl\/wp-content\/uploads\/2019\/10\/google-icon-map.png\",\"contentUrl\":\"https:\/\/zunnetje.nl\/wp-content\/uploads\/2019\/10\/google-icon-map.png\",\"width\":736,\"height\":720},{\"@type\":\"BreadcrumbList\",\"@id\":\"https:\/\/zunnetje.nl\/index.php\/de\/strandort\/#breadcrumb\",\"itemListElement\":[{\"@type\":\"ListItem\",\"position\":1,\"name\":\"Home\",\"item\":\"https:\/\/zunnetje.nl\/\"},{\"@type\":\"ListItem\",\"position\":2,\"name\":\"Standort\"}]},{\"@type\":\"WebSite\",\"@id\":\"https:\/\/zunnetje.nl\/#website\",\"url\":\"https:\/\/zunnetje.nl\/\",\"name\":\"Zunnetje\",\"description\":\"Ons vakantiehuisje aan zee\",\"potentialAction\":[{\"@type\":\"SearchAction\",\"target\":{\"@type\":\"EntryPoint\",\"urlTemplate\":\"https:\/\/zunnetje.nl\/?s={search_term_string}\"},\"query-input\":{\"@type\":\"PropertyValueSpecification\",\"valueRequired\":true,\"valueName\":\"search_term_string\"}}],\"inLanguage\":\"en-US\"}]}<\/script>\n<!-- \/ Yoast SEO plugin. -->","yoast_head_json":{"title":"Standort - Zunnetje","description":"Zunnetje, Breezand 1, 4354 NJ Vrouwenpolder, Lage, Beschreibung und Umgebung, Restaurants, Strand, Gesch\u00e4fte, Zeeland, Walcheren, Ferienhaus zu vermieten","robots":{"index":"index","follow":"follow","max-snippet":"max-snippet:-1","max-image-preview":"max-image-preview:large","max-video-preview":"max-video-preview:-1"},"canonical":"https:\/\/zunnetje.nl\/index.php\/de\/strandort\/","og_locale":"en_US","og_type":"article","og_title":"Standort - Zunnetje","og_description":"Zunnetje, Breezand 1, 4354 NJ Vrouwenpolder, Lage, Beschreibung und Umgebung, Restaurants, Strand, Gesch\u00e4fte, Zeeland, Walcheren, Ferienhaus zu vermieten","og_url":"https:\/\/zunnetje.nl\/index.php\/de\/strandort\/","og_site_name":"Zunnetje","article_modified_time":"2019-10-18T07:40:31+00:00","og_image":[{"url":"https:\/\/zunnetje.nl\/wp-content\/uploads\/2019\/10\/google-icon-map-300x293.png","type":"","width":"","height":""}],"twitter_card":"summary_large_image","schema":{"@context":"https:\/\/schema.org","@graph":[{"@type":"WebPage","@id":"https:\/\/zunnetje.nl\/index.php\/de\/strandort\/","url":"https:\/\/zunnetje.nl\/index.php\/de\/strandort\/","name":"Standort - Zunnetje","isPartOf":{"@id":"https:\/\/zunnetje.nl\/#website"},"primaryImageOfPage":{"@id":"https:\/\/zunnetje.nl\/index.php\/de\/strandort\/#primaryimage"},"image":{"@id":"https:\/\/zunnetje.nl\/index.php\/de\/strandort\/#primaryimage"},"thumbnailUrl":"https:\/\/zunnetje.nl\/wp-content\/uploads\/2019\/10\/google-icon-map-300x293.png","datePublished":"2018-12-07T08:51:38+00:00","dateModified":"2019-10-18T07:40:31+00:00","description":"Zunnetje, Breezand 1, 4354 NJ Vrouwenpolder, Lage, Beschreibung und Umgebung, Restaurants, Strand, Gesch\u00e4fte, Zeeland, Walcheren, Ferienhaus zu vermieten","breadcrumb":{"@id":"https:\/\/zunnetje.nl\/index.php\/de\/strandort\/#breadcrumb"},"inLanguage":"en-US","potentialAction":[{"@type":"ReadAction","target":["https:\/\/zunnetje.nl\/index.php\/de\/strandort\/"]}]},{"@type":"ImageObject","inLanguage":"en-US","@id":"https:\/\/zunnetje.nl\/index.php\/de\/strandort\/#primaryimage","url":"https:\/\/zunnetje.nl\/wp-content\/uploads\/2019\/10\/google-icon-map.png","contentUrl":"https:\/\/zunnetje.nl\/wp-content\/uploads\/2019\/10\/google-icon-map.png","width":736,"height":720},{"@type":"BreadcrumbList","@id":"https:\/\/zunnetje.nl\/index.php\/de\/strandort\/#breadcrumb","itemListElement":[{"@type":"ListItem","position":1,"name":"Home","item":"https:\/\/zunnetje.nl\/"},{"@type":"ListItem","position":2,"name":"Standort"}]},{"@type":"WebSite","@id":"https:\/\/zunnetje.nl\/#website","url":"https:\/\/zunnetje.nl\/","name":"Zunnetje","description":"Ons vakantiehuisje aan zee","potentialAction":[{"@type":"SearchAction","target":{"@type":"EntryPoint","urlTemplate":"https:\/\/zunnetje.nl\/?s={search_term_string}"},"query-input":{"@type":"PropertyValueSpecification","valueRequired":true,"valueName":"search_term_string"}}],"inLanguage":"en-US"}]}},"_links":{"self":[{"href":"https:\/\/zunnetje.nl\/index.php\/wp-json\/wp\/v2\/pages\/2494","targetHints":{"allow":["GET"]}}],"collection":[{"href":"https:\/\/zunnetje.nl\/index.php\/wp-json\/wp\/v2\/pages"}],"about":[{"href":"https:\/\/zunnetje.nl\/index.php\/wp-json\/wp\/v2\/types\/page"}],"author":[{"embeddable":true,"href":"https:\/\/zunnetje.nl\/index.php\/wp-json\/wp\/v2\/users\/1"}],"replies":[{"embeddable":true,"href":"https:\/\/zunnetje.nl\/index.php\/wp-json\/wp\/v2\/comments?post=2494"}],"version-history":[{"count":7,"href":"https:\/\/zunnetje.nl\/index.php\/wp-json\/wp\/v2\/pages\/2494\/revisions"}],"predecessor-version":[{"id":2642,"href":"https:\/\/zunnetje.nl\/index.php\/wp-json\/wp\/v2\/pages\/2494\/revisions\/2642"}],"wp:attachment":[{"href":"https:\/\/zunnetje.nl\/index.php\/wp-json\/wp\/v2\/media?parent=2494"}],"curies":[{"name":"wp","href":"https:\/\/api.w.org\/{rel}","templated":true}]}}