{"id":2497,"date":"2018-12-07T08:57:36","date_gmt":"2018-12-07T08:57:36","guid":{"rendered":"https:\/\/zunnetje.nl\/?page_id=2497"},"modified":"2018-12-07T11:01:26","modified_gmt":"2018-12-07T11:01:26","slug":"homede","status":"publish","type":"page","link":"https:\/\/zunnetje.nl\/index.php\/de\/homede\/","title":{"rendered":"HomeDE"},"content":{"rendered":"<p>Willkommen im Zunnetje, unserem Ferienhaus im Park Breezand 1, Vrouwenpolder.<\/p>\n<p>Wir haben das Haus seit 60 Jahren in der Familie, gehen gerne dorthin und <a href=\"https:\/\/zunnetje.nl\/index.php\/de\/mieten\/\">vermieten<\/a> es f\u00fcr den Rest des Jahres.<\/p>\n<p>Das Ferienhaus\u00a0 <a href=\"https:\/\/zunnetje.nl\/index.php\/de\/strandort\/\">liegt<\/a> in einem weitl\u00e4ufigen Park vor den D\u00fcnen. Sie gehen direkt auf den Strand und es ist gro\u00dfartig, in der\u00a0 <a href=\"https:\/\/zunnetje.nl\/index.php\/de\/portfolio-item\/umgebung\/\">Umgebung <\/a>zu laufen und Rad zu fahren.<\/p>\n<p><code><\/code><\/p>\n","protected":false},"excerpt":{"rendered":"<p>Willkommen im Zunnetje, unserem Ferienhaus im Park Breezand 1, Vrouwenpolder. Wir haben das Haus seit 60 Jahren in der Familie, gehen gerne dorthin und vermieten es f\u00fcr den Rest des Jahres. Das Ferienhaus\u00a0 liegt in einem weitl\u00e4ufigen Park vor den D\u00fcnen. Sie gehen direkt auf den Strand und es ist gro\u00dfartig, in der\u00a0 Umgebung zu laufen und Rad zu fahren.<\/p>\n","protected":false},"author":1,"featured_media":0,"parent":0,"menu_order":0,"comment_status":"closed","ping_status":"closed","template":"page-templates\/template-blog.php","meta":{"footnotes":""},"class_list":["post-2497","page","type-page","status-publish","hentry"],"yoast_head":"<!-- This site is optimized with the Yoast SEO plugin v26.8 - https:\/\/yoast.com\/product\/yoast-seo-wordpress\/ -->\n<title>HomeDE - Zunnetje<\/title>\n<meta name=\"description\" content=\"Unser Ferienhaus in Vrouwenpolder, Zeeland. In allen Jahreszeiten an der K\u00fcste willkommen zum Strand, Wandern, Radfahren, gutes Essen\" \/>\n<meta name=\"robots\" content=\"index, follow, max-snippet:-1, max-image-preview:large, max-video-preview:-1\" \/>\n<link rel=\"canonical\" href=\"https:\/\/zunnetje.nl\/index.php\/de\/homede\/\" \/>\n<meta property=\"og:locale\" content=\"en_US\" \/>\n<meta property=\"og:type\" content=\"article\" \/>\n<meta property=\"og:title\" content=\"HomeDE - Zunnetje\" \/>\n<meta property=\"og:description\" content=\"Unser Ferienhaus in Vrouwenpolder, Zeeland. In allen Jahreszeiten an der K\u00fcste willkommen zum Strand, Wandern, Radfahren, gutes Essen\" \/>\n<meta property=\"og:url\" content=\"https:\/\/zunnetje.nl\/index.php\/de\/homede\/\" \/>\n<meta property=\"og:site_name\" content=\"Zunnetje\" \/>\n<meta property=\"article:modified_time\" content=\"2018-12-07T11:01:26+00:00\" \/>\n<meta name=\"twitter:card\" content=\"summary_large_image\" \/>\n<script type=\"application\/ld+json\" class=\"yoast-schema-graph\">{\"@context\":\"https:\/\/schema.org\",\"@graph\":[{\"@type\":\"WebPage\",\"@id\":\"https:\/\/zunnetje.nl\/index.php\/de\/homede\/\",\"url\":\"https:\/\/zunnetje.nl\/index.php\/de\/homede\/\",\"name\":\"HomeDE - Zunnetje\",\"isPartOf\":{\"@id\":\"https:\/\/zunnetje.nl\/#website\"},\"datePublished\":\"2018-12-07T08:57:36+00:00\",\"dateModified\":\"2018-12-07T11:01:26+00:00\",\"description\":\"Unser Ferienhaus in Vrouwenpolder, Zeeland. In allen Jahreszeiten an der K\u00fcste willkommen zum Strand, Wandern, Radfahren, gutes Essen\",\"breadcrumb\":{\"@id\":\"https:\/\/zunnetje.nl\/index.php\/de\/homede\/#breadcrumb\"},\"inLanguage\":\"en-US\",\"potentialAction\":[{\"@type\":\"ReadAction\",\"target\":[\"https:\/\/zunnetje.nl\/index.php\/de\/homede\/\"]}]},{\"@type\":\"BreadcrumbList\",\"@id\":\"https:\/\/zunnetje.nl\/index.php\/de\/homede\/#breadcrumb\",\"itemListElement\":[{\"@type\":\"ListItem\",\"position\":1,\"name\":\"Home\",\"item\":\"https:\/\/zunnetje.nl\/\"},{\"@type\":\"ListItem\",\"position\":2,\"name\":\"HomeDE\"}]},{\"@type\":\"WebSite\",\"@id\":\"https:\/\/zunnetje.nl\/#website\",\"url\":\"https:\/\/zunnetje.nl\/\",\"name\":\"Zunnetje\",\"description\":\"Ons vakantiehuisje aan zee\",\"potentialAction\":[{\"@type\":\"SearchAction\",\"target\":{\"@type\":\"EntryPoint\",\"urlTemplate\":\"https:\/\/zunnetje.nl\/?s={search_term_string}\"},\"query-input\":{\"@type\":\"PropertyValueSpecification\",\"valueRequired\":true,\"valueName\":\"search_term_string\"}}],\"inLanguage\":\"en-US\"}]}<\/script>\n<!-- \/ Yoast SEO plugin. -->","yoast_head_json":{"title":"HomeDE - Zunnetje","description":"Unser Ferienhaus in Vrouwenpolder, Zeeland. In allen Jahreszeiten an der K\u00fcste willkommen zum Strand, Wandern, Radfahren, gutes Essen","robots":{"index":"index","follow":"follow","max-snippet":"max-snippet:-1","max-image-preview":"max-image-preview:large","max-video-preview":"max-video-preview:-1"},"canonical":"https:\/\/zunnetje.nl\/index.php\/de\/homede\/","og_locale":"en_US","og_type":"article","og_title":"HomeDE - Zunnetje","og_description":"Unser Ferienhaus in Vrouwenpolder, Zeeland. In allen Jahreszeiten an der K\u00fcste willkommen zum Strand, Wandern, Radfahren, gutes Essen","og_url":"https:\/\/zunnetje.nl\/index.php\/de\/homede\/","og_site_name":"Zunnetje","article_modified_time":"2018-12-07T11:01:26+00:00","twitter_card":"summary_large_image","schema":{"@context":"https:\/\/schema.org","@graph":[{"@type":"WebPage","@id":"https:\/\/zunnetje.nl\/index.php\/de\/homede\/","url":"https:\/\/zunnetje.nl\/index.php\/de\/homede\/","name":"HomeDE - Zunnetje","isPartOf":{"@id":"https:\/\/zunnetje.nl\/#website"},"datePublished":"2018-12-07T08:57:36+00:00","dateModified":"2018-12-07T11:01:26+00:00","description":"Unser Ferienhaus in Vrouwenpolder, Zeeland. In allen Jahreszeiten an der K\u00fcste willkommen zum Strand, Wandern, Radfahren, gutes Essen","breadcrumb":{"@id":"https:\/\/zunnetje.nl\/index.php\/de\/homede\/#breadcrumb"},"inLanguage":"en-US","potentialAction":[{"@type":"ReadAction","target":["https:\/\/zunnetje.nl\/index.php\/de\/homede\/"]}]},{"@type":"BreadcrumbList","@id":"https:\/\/zunnetje.nl\/index.php\/de\/homede\/#breadcrumb","itemListElement":[{"@type":"ListItem","position":1,"name":"Home","item":"https:\/\/zunnetje.nl\/"},{"@type":"ListItem","position":2,"name":"HomeDE"}]},{"@type":"WebSite","@id":"https:\/\/zunnetje.nl\/#website","url":"https:\/\/zunnetje.nl\/","name":"Zunnetje","description":"Ons vakantiehuisje aan zee","potentialAction":[{"@type":"SearchAction","target":{"@type":"EntryPoint","urlTemplate":"https:\/\/zunnetje.nl\/?s={search_term_string}"},"query-input":{"@type":"PropertyValueSpecification","valueRequired":true,"valueName":"search_term_string"}}],"inLanguage":"en-US"}]}},"_links":{"self":[{"href":"https:\/\/zunnetje.nl\/index.php\/wp-json\/wp\/v2\/pages\/2497","targetHints":{"allow":["GET"]}}],"collection":[{"href":"https:\/\/zunnetje.nl\/index.php\/wp-json\/wp\/v2\/pages"}],"about":[{"href":"https:\/\/zunnetje.nl\/index.php\/wp-json\/wp\/v2\/types\/page"}],"author":[{"embeddable":true,"href":"https:\/\/zunnetje.nl\/index.php\/wp-json\/wp\/v2\/users\/1"}],"replies":[{"embeddable":true,"href":"https:\/\/zunnetje.nl\/index.php\/wp-json\/wp\/v2\/comments?post=2497"}],"version-history":[{"count":3,"href":"https:\/\/zunnetje.nl\/index.php\/wp-json\/wp\/v2\/pages\/2497\/revisions"}],"predecessor-version":[{"id":2525,"href":"https:\/\/zunnetje.nl\/index.php\/wp-json\/wp\/v2\/pages\/2497\/revisions\/2525"}],"wp:attachment":[{"href":"https:\/\/zunnetje.nl\/index.php\/wp-json\/wp\/v2\/media?parent=2497"}],"curies":[{"name":"wp","href":"https:\/\/api.w.org\/{rel}","templated":true}]}}